{"id":3852,"date":"2024-01-18T11:00:59","date_gmt":"2024-01-18T08:00:59","guid":{"rendered":"https:\/\/diodo.com.tr\/recessed-series\/"},"modified":"2024-03-02T16:00:45","modified_gmt":"2024-03-02T13:00:45","slug":"recessed-series","status":"publish","type":"page","link":"https:\/\/diodo.com.tr\/en\/recessed-series\/","title":{"rendered":"Recessed Series"},"content":{"rendered":"\t\t<div data-elementor-type=\"wp-page\" data-elementor-id=\"3852\" class=\"elementor elementor-3852 elementor-181\" data-elementor-post-type=\"page\">\n\t\t\t\t\t\t<section class=\"elementor-section elementor-top-section elementor-element elementor-element-179c5f44 elementor-section-full_width elementor-section-height-min-height elementor-hidden-desktop elementor-hidden-tablet elementor-hidden-mobile elementor-section-height-default elementor-section-items-middle\" data-id=\"179c5f44\" data-element_type=\"section\" data-settings=\"{&quot;background_background&quot;:&quot;slideshow&quot;,&quot;background_slideshow_gallery&quot;:[{&quot;id&quot;:199,&quot;url&quot;:&quot;https:\\\/\\\/diodo.com.tr\\\/wp-content\\\/uploads\\\/2024\\\/01\\\/MALL-OF-ISTANBUL-AVM-1-scaled.jpg&quot;},{&quot;id&quot;:203,&quot;url&quot;:&quot;https:\\\/\\\/diodo.com.tr\\\/wp-content\\\/uploads\\\/2024\\\/01\\\/003135_REA02.jpg&quot;}],&quot;background_slideshow_ken_burns&quot;:&quot;yes&quot;,&quot;background_slideshow_loop&quot;:&quot;yes&quot;,&quot;background_slideshow_slide_duration&quot;:5000,&quot;background_slideshow_slide_transition&quot;:&quot;fade&quot;,&quot;background_slideshow_transition_duration&quot;:500,&quot;background_slideshow_ken_burns_zoom_direction&quot;:&quot;in&quot;}\">\n\t\t\t\t\t\t\t<div class=\"elementor-background-overlay\"><\/div>\n\t\t\t\t\t\t\t<div class=\"elementor-container elementor-column-gap-default\">\n\t\t\t\t\t<div class=\"elementor-column elementor-col-100 elementor-top-column elementor-element elementor-element-647d7b42\" data-id=\"647d7b42\" data-element_type=\"column\">\n\t\t\t<div class=\"elementor-widget-wrap elementor-element-populated\">\n\t\t\t\t\t\t<section class=\"elementor-section elementor-inner-section elementor-element elementor-element-107640a0 elementor-section-boxed elementor-section-height-default elementor-section-height-default\" data-id=\"107640a0\" data-element_type=\"section\">\n\t\t\t\t\t\t<div class=\"elementor-container elementor-column-gap-default\">\n\t\t\t\t\t<div class=\"elementor-column elementor-col-50 elementor-inner-column elementor-element elementor-element-2f28a0fa\" data-id=\"2f28a0fa\" data-element_type=\"column\" data-settings=\"{&quot;background_background&quot;:&quot;classic&quot;}\">\n\t\t\t<div class=\"elementor-widget-wrap elementor-element-populated\">\n\t\t\t\t\t<div class=\"elementor-background-overlay\"><\/div>\n\t\t\t\t\t\t<div class=\"elementor-element elementor-element-189d1469 elementor-widget elementor-widget-elementskit-heading\" data-id=\"189d1469\" data-element_type=\"widget\" data-widget_type=\"elementskit-heading.default\">\n\t\t\t\t<div class=\"elementor-widget-container\">\n\t\t\t\t\t<div class=\"ekit-wid-con\" ><div class=\"ekit-heading elementskit-section-title-wraper text_left   ekit_heading_tablet-   ekit_heading_mobile-text_center\"><h1 class=\"ekit-heading--title elementskit-section-title \">S\u0131va Alt\u0131 <span><span>Serisi<\/span><\/span><\/h1><div class=\"ekit_heading_separetor_wraper ekit_heading_elementskit-border-divider elementskit-style-long\"><div class=\"elementskit-border-divider elementskit-style-long\"><\/div><\/div><\/div><\/div>\t\t\t\t<\/div>\n\t\t\t\t<\/div>\n\t\t\t\t<div class=\"elementor-element elementor-element-e0ec433 elementor-widget elementor-widget-text-editor\" data-id=\"e0ec433\" data-element_type=\"widget\" data-widget_type=\"text-editor.default\">\n\t\t\t\t<div class=\"elementor-widget-container\">\n\t\t\t\t\t\t\t\t\t<p>With our Diodo Recessed Lighting Series, we offer high quality products designed to add elegance and impact to your spaces Combining aesthetic design, energy efficiency and advanced technology, this exclusive collection is the perfect way to transform your spaces and turn light into art.<\/p>\n\t\t\t\t\t\t\t\t<\/div>\n\t\t\t\t<\/div>\n\t\t\t\t<div class=\"elementor-element elementor-element-15a23a3a elementor-mobile-align-center elementor-widget elementor-widget-button\" data-id=\"15a23a3a\" data-element_type=\"widget\" data-widget_type=\"button.default\">\n\t\t\t\t<div class=\"elementor-widget-container\">\n\t\t\t\t\t\t\t\t\t<div class=\"elementor-button-wrapper\">\n\t\t\t\t\t<a class=\"elementor-button elementor-button-link elementor-size-sm\" href=\"#\">\n\t\t\t\t\t\t<span class=\"elementor-button-content-wrapper\">\n\t\t\t\t\t\t\t\t\t<span class=\"elementor-button-text\">Learn More<\/span>\n\t\t\t\t\t<\/span>\n\t\t\t\t\t<\/a>\n\t\t\t\t<\/div>\n\t\t\t\t\t\t\t\t<\/div>\n\t\t\t\t<\/div>\n\t\t\t\t\t<\/div>\n\t\t<\/div>\n\t\t\t\t<div class=\"elementor-column elementor-col-50 elementor-inner-column elementor-element elementor-element-3605f8e4\" data-id=\"3605f8e4\" data-element_type=\"column\">\n\t\t\t<div class=\"elementor-widget-wrap\">\n\t\t\t\t\t\t\t<\/div>\n\t\t<\/div>\n\t\t\t\t\t<\/div>\n\t\t<\/section>\n\t\t\t\t\t<\/div>\n\t\t<\/div>\n\t\t\t\t\t<\/div>\n\t\t<\/section>\n\t\t\t\t<section class=\"elementor-section elementor-top-section elementor-element elementor-element-79790c31 elementor-hidden-desktop elementor-hidden-tablet elementor-hidden-mobile elementor-section-boxed elementor-section-height-default elementor-section-height-default\" data-id=\"79790c31\" data-element_type=\"section\" data-settings=\"{&quot;background_background&quot;:&quot;classic&quot;}\">\n\t\t\t\t\t\t<div class=\"elementor-container elementor-column-gap-default\">\n\t\t\t\t\t<div class=\"elementor-column elementor-col-100 elementor-top-column elementor-element elementor-element-4344a9db\" data-id=\"4344a9db\" data-element_type=\"column\">\n\t\t\t<div class=\"elementor-widget-wrap elementor-element-populated\">\n\t\t\t\t\t\t<div class=\"elementor-element elementor-element-70ebe2bc elementor-widget elementor-widget-spacer\" data-id=\"70ebe2bc\" data-element_type=\"widget\" data-widget_type=\"spacer.default\">\n\t\t\t\t<div class=\"elementor-widget-container\">\n\t\t\t\t\t\t\t<div class=\"elementor-spacer\">\n\t\t\t<div class=\"elementor-spacer-inner\"><\/div>\n\t\t<\/div>\n\t\t\t\t\t\t<\/div>\n\t\t\t\t<\/div>\n\t\t\t\t\t<\/div>\n\t\t<\/div>\n\t\t\t\t\t<\/div>\n\t\t<\/section>\n\t\t\t\t<section class=\"elementor-section elementor-top-section elementor-element elementor-element-1c30e275 elementor-section-full_width elementor-section-height-min-height elementor-section-height-default elementor-section-items-middle\" data-id=\"1c30e275\" data-element_type=\"section\" data-settings=\"{&quot;background_background&quot;:&quot;classic&quot;}\">\n\t\t\t\t\t\t\t<div class=\"elementor-background-overlay\"><\/div>\n\t\t\t\t\t\t\t<div class=\"elementor-container elementor-column-gap-default\">\n\t\t\t\t\t<div class=\"elementor-column elementor-col-100 elementor-top-column elementor-element elementor-element-1d52d7d6\" data-id=\"1d52d7d6\" data-element_type=\"column\">\n\t\t\t<div class=\"elementor-widget-wrap elementor-element-populated\">\n\t\t\t\t\t\t<section class=\"elementor-section elementor-inner-section elementor-element elementor-element-2732fe20 elementor-section-boxed elementor-section-height-default elementor-section-height-default\" data-id=\"2732fe20\" data-element_type=\"section\" data-settings=\"{&quot;background_background&quot;:&quot;classic&quot;}\">\n\t\t\t\t\t\t<div class=\"elementor-container elementor-column-gap-default\">\n\t\t\t\t\t<div class=\"elementor-column elementor-col-33 elementor-inner-column elementor-element elementor-element-5fa9c2ac\" data-id=\"5fa9c2ac\" data-element_type=\"column\">\n\t\t\t<div class=\"elementor-widget-wrap\">\n\t\t\t\t\t\t\t<\/div>\n\t\t<\/div>\n\t\t\t\t<div class=\"elementor-column elementor-col-33 elementor-inner-column elementor-element elementor-element-3620db42\" data-id=\"3620db42\" data-element_type=\"column\">\n\t\t\t<div class=\"elementor-widget-wrap elementor-element-populated\">\n\t\t\t\t\t\t<div class=\"elementor-element elementor-element-71a7a569 elementor-widget elementor-widget-elementskit-heading\" data-id=\"71a7a569\" data-element_type=\"widget\" data-widget_type=\"elementskit-heading.default\">\n\t\t\t\t<div class=\"elementor-widget-container\">\n\t\t\t\t\t<div class=\"ekit-wid-con\" ><div class=\"ekit-heading elementskit-section-title-wraper text_center   ekit_heading_tablet-   ekit_heading_mobile-text_center\"><h1 class=\"ekit-heading--title elementskit-section-title \">Recessed <span><span>Series<\/span><\/span><\/h1><div class=\"ekit_heading_separetor_wraper ekit_heading_elementskit-border-divider elementskit-style-long\"><div class=\"elementskit-border-divider elementskit-style-long\"><\/div><\/div><\/div><\/div>\t\t\t\t<\/div>\n\t\t\t\t<\/div>\n\t\t\t\t<div class=\"elementor-element elementor-element-4597cce6 elementor-widget elementor-widget-text-editor\" data-id=\"4597cce6\" data-element_type=\"widget\" data-widget_type=\"text-editor.default\">\n\t\t\t\t<div class=\"elementor-widget-container\">\n\t\t\t\t\t\t\t\t\t<p>With our Diodo Recessed Lighting Series, we offer high quality products designed to add elegance and impact to your spaces Combining aesthetic design, energy efficiency and advanced technology, this exclusive collection is the perfect way to transform your spaces and turn light into art.<\/p>\n\t\t\t\t\t\t\t\t<\/div>\n\t\t\t\t<\/div>\n\t\t\t\t\t<\/div>\n\t\t<\/div>\n\t\t\t\t<div class=\"elementor-column elementor-col-33 elementor-inner-column elementor-element elementor-element-b95fee3\" data-id=\"b95fee3\" data-element_type=\"column\">\n\t\t\t<div class=\"elementor-widget-wrap\">\n\t\t\t\t\t\t\t<\/div>\n\t\t<\/div>\n\t\t\t\t\t<\/div>\n\t\t<\/section>\n\t\t\t\t\t<\/div>\n\t\t<\/div>\n\t\t\t\t\t<\/div>\n\t\t<\/section>\n\t\t<div class=\"elementor-element elementor-element-75cbb5f e-flex e-con-boxed e-con e-parent\" data-id=\"75cbb5f\" data-element_type=\"container\" data-settings=\"{&quot;background_background&quot;:&quot;classic&quot;}\">\n\t\t\t\t\t<div class=\"e-con-inner\">\n\t\t\t\t<div class=\"elementor-element elementor-element-ba842fd elementor-grid-3 elementor-grid-tablet-2 elementor-grid-mobile-1 elementor-widget elementor-widget-loop-grid\" data-id=\"ba842fd\" data-element_type=\"widget\" data-settings=\"{&quot;template_id&quot;:4028,&quot;_skin&quot;:&quot;post&quot;,&quot;columns&quot;:&quot;3&quot;,&quot;columns_tablet&quot;:&quot;2&quot;,&quot;columns_mobile&quot;:&quot;1&quot;,&quot;edit_handle_selector&quot;:&quot;[data-elementor-type=\\&quot;loop-item\\&quot;]&quot;,&quot;row_gap&quot;:{&quot;unit&quot;:&quot;px&quot;,&quot;size&quot;:&quot;&quot;,&quot;sizes&quot;:[]},&quot;row_gap_tablet&quot;:{&quot;unit&quot;:&quot;px&quot;,&quot;size&quot;:&quot;&quot;,&quot;sizes&quot;:[]},&quot;row_gap_mobile&quot;:{&quot;unit&quot;:&quot;px&quot;,&quot;size&quot;:&quot;&quot;,&quot;sizes&quot;:[]}}\" data-widget_type=\"loop-grid.post\">\n\t\t\t\t<div class=\"elementor-widget-container\">\n\t\t\t\t\t\t\t<div class=\"e-loop-nothing-found-message\">\n\t\t<\/div>\n\t\t\t\t\t\t<\/div>\n\t\t\t\t<\/div>\n\t\t\t\t\t<\/div>\n\t\t\t\t<\/div>\n\t\t\t\t<\/div>\n\t\t","protected":false},"excerpt":{"rendered":"<p>S\u0131va Alt\u0131 Serisi With our Diodo Recessed Lighting Series, we offer high quality products designed to add elegance and impact to your spaces Combining aesthetic design, energy efficiency and advanced technology, this exclusive collection is the perfect way to transform your spaces and turn light into art. Learn More Recessed Series With our Diodo Recessed [&hellip;]<\/p>\n","protected":false},"author":1,"featured_media":0,"parent":0,"menu_order":0,"comment_status":"closed","ping_status":"closed","template":"","meta":{"_acf_changed":false,"footnotes":""},"class_list":["post-3852","page","type-page","status-publish","hentry"],"acf":[],"yoast_head":"<!-- This site is optimized with the Yoast SEO plugin v26.1.1 - https:\/\/yoast.com\/wordpress\/plugins\/seo\/ -->\n<title>Recessed Series - Diodo | Yenig\u00fcn Ayd\u0131nlatma<\/title>\n<meta name=\"robots\" content=\"index, follow, max-snippet:-1, max-image-preview:large, max-video-preview:-1\" \/>\n<link rel=\"canonical\" href=\"https:\/\/diodo.com.tr\/en\/recessed-series\/\" \/>\n<meta property=\"og:locale\" content=\"en_US\" \/>\n<meta property=\"og:type\" content=\"article\" \/>\n<meta property=\"og:title\" content=\"Recessed Series - Diodo | Yenig\u00fcn Ayd\u0131nlatma\" \/>\n<meta property=\"og:description\" content=\"S\u0131va Alt\u0131 Serisi With our Diodo Recessed Lighting Series, we offer high quality products designed to add elegance and impact to your spaces Combining aesthetic design, energy efficiency and advanced technology, this exclusive collection is the perfect way to transform your spaces and turn light into art. Learn More Recessed Series With our Diodo Recessed [&hellip;]\" \/>\n<meta property=\"og:url\" content=\"https:\/\/diodo.com.tr\/en\/recessed-series\/\" \/>\n<meta property=\"og:site_name\" content=\"Diodo | Yenig\u00fcn Ayd\u0131nlatma\" \/>\n<meta property=\"article:modified_time\" content=\"2024-03-02T13:00:45+00:00\" \/>\n<meta name=\"twitter:card\" content=\"summary_large_image\" \/>\n<script type=\"application\/ld+json\" class=\"yoast-schema-graph\">{\"@context\":\"https:\/\/schema.org\",\"@graph\":[{\"@type\":\"WebPage\",\"@id\":\"https:\/\/diodo.com.tr\/en\/recessed-series\/\",\"url\":\"https:\/\/diodo.com.tr\/en\/recessed-series\/\",\"name\":\"Recessed Series - Diodo | Yenig\u00fcn Ayd\u0131nlatma\",\"isPartOf\":{\"@id\":\"https:\/\/diodo.com.tr\/en\/#website\"},\"datePublished\":\"2024-01-18T08:00:59+00:00\",\"dateModified\":\"2024-03-02T13:00:45+00:00\",\"breadcrumb\":{\"@id\":\"https:\/\/diodo.com.tr\/en\/recessed-series\/#breadcrumb\"},\"inLanguage\":\"en-US\",\"potentialAction\":[{\"@type\":\"ReadAction\",\"target\":[\"https:\/\/diodo.com.tr\/en\/recessed-series\/\"]}]},{\"@type\":\"BreadcrumbList\",\"@id\":\"https:\/\/diodo.com.tr\/en\/recessed-series\/#breadcrumb\",\"itemListElement\":[{\"@type\":\"ListItem\",\"position\":1,\"name\":\"Anasayfa\",\"item\":\"https:\/\/diodo.com.tr\/en\/\"},{\"@type\":\"ListItem\",\"position\":2,\"name\":\"Recessed Series\"}]},{\"@type\":\"WebSite\",\"@id\":\"https:\/\/diodo.com.tr\/en\/#website\",\"url\":\"https:\/\/diodo.com.tr\/en\/\",\"name\":\"Diodo | Yenig\u00fcn Ayd\u0131nlatma\",\"description\":\"\",\"potentialAction\":[{\"@type\":\"SearchAction\",\"target\":{\"@type\":\"EntryPoint\",\"urlTemplate\":\"https:\/\/diodo.com.tr\/en\/?s={search_term_string}\"},\"query-input\":{\"@type\":\"PropertyValueSpecification\",\"valueRequired\":true,\"valueName\":\"search_term_string\"}}],\"inLanguage\":\"en-US\"}]}<\/script>\n<!-- \/ Yoast SEO plugin. -->","yoast_head_json":{"title":"Recessed Series - Diodo | Yenig\u00fcn Ayd\u0131nlatma","robots":{"index":"index","follow":"follow","max-snippet":"max-snippet:-1","max-image-preview":"max-image-preview:large","max-video-preview":"max-video-preview:-1"},"canonical":"https:\/\/diodo.com.tr\/en\/recessed-series\/","og_locale":"en_US","og_type":"article","og_title":"Recessed Series - Diodo | Yenig\u00fcn Ayd\u0131nlatma","og_description":"S\u0131va Alt\u0131 Serisi With our Diodo Recessed Lighting Series, we offer high quality products designed to add elegance and impact to your spaces Combining aesthetic design, energy efficiency and advanced technology, this exclusive collection is the perfect way to transform your spaces and turn light into art. Learn More Recessed Series With our Diodo Recessed [&hellip;]","og_url":"https:\/\/diodo.com.tr\/en\/recessed-series\/","og_site_name":"Diodo | Yenig\u00fcn Ayd\u0131nlatma","article_modified_time":"2024-03-02T13:00:45+00:00","twitter_card":"summary_large_image","schema":{"@context":"https:\/\/schema.org","@graph":[{"@type":"WebPage","@id":"https:\/\/diodo.com.tr\/en\/recessed-series\/","url":"https:\/\/diodo.com.tr\/en\/recessed-series\/","name":"Recessed Series - Diodo | Yenig\u00fcn Ayd\u0131nlatma","isPartOf":{"@id":"https:\/\/diodo.com.tr\/en\/#website"},"datePublished":"2024-01-18T08:00:59+00:00","dateModified":"2024-03-02T13:00:45+00:00","breadcrumb":{"@id":"https:\/\/diodo.com.tr\/en\/recessed-series\/#breadcrumb"},"inLanguage":"en-US","potentialAction":[{"@type":"ReadAction","target":["https:\/\/diodo.com.tr\/en\/recessed-series\/"]}]},{"@type":"BreadcrumbList","@id":"https:\/\/diodo.com.tr\/en\/recessed-series\/#breadcrumb","itemListElement":[{"@type":"ListItem","position":1,"name":"Anasayfa","item":"https:\/\/diodo.com.tr\/en\/"},{"@type":"ListItem","position":2,"name":"Recessed Series"}]},{"@type":"WebSite","@id":"https:\/\/diodo.com.tr\/en\/#website","url":"https:\/\/diodo.com.tr\/en\/","name":"Diodo | Yenig\u00fcn Ayd\u0131nlatma","description":"","potentialAction":[{"@type":"SearchAction","target":{"@type":"EntryPoint","urlTemplate":"https:\/\/diodo.com.tr\/en\/?s={search_term_string}"},"query-input":{"@type":"PropertyValueSpecification","valueRequired":true,"valueName":"search_term_string"}}],"inLanguage":"en-US"}]}},"_links":{"self":[{"href":"https:\/\/diodo.com.tr\/en\/wp-json\/wp\/v2\/pages\/3852","targetHints":{"allow":["GET"]}}],"collection":[{"href":"https:\/\/diodo.com.tr\/en\/wp-json\/wp\/v2\/pages"}],"about":[{"href":"https:\/\/diodo.com.tr\/en\/wp-json\/wp\/v2\/types\/page"}],"author":[{"embeddable":true,"href":"https:\/\/diodo.com.tr\/en\/wp-json\/wp\/v2\/users\/1"}],"replies":[{"embeddable":true,"href":"https:\/\/diodo.com.tr\/en\/wp-json\/wp\/v2\/comments?post=3852"}],"version-history":[{"count":6,"href":"https:\/\/diodo.com.tr\/en\/wp-json\/wp\/v2\/pages\/3852\/revisions"}],"predecessor-version":[{"id":3970,"href":"https:\/\/diodo.com.tr\/en\/wp-json\/wp\/v2\/pages\/3852\/revisions\/3970"}],"wp:attachment":[{"href":"https:\/\/diodo.com.tr\/en\/wp-json\/wp\/v2\/media?parent=3852"}],"curies":[{"name":"wp","href":"https:\/\/api.w.org\/{rel}","templated":true}]}}